{"id":1021,"date":"2020-05-26T14:32:36","date_gmt":"2020-05-26T14:32:36","guid":{"rendered":"https:\/\/dev.getspace.us\/salcininkaikultura\/?page_id=1021"},"modified":"2021-02-03T07:49:05","modified_gmt":"2021-02-03T07:49:05","slug":"aktualnosci","status":"publish","type":"page","link":"https:\/\/salcininkaikultura.lt\/pl\/palac-balinskich-w-jaszunach\/aktualnosci\/","title":{"rendered":"Aktualno\u015bci"},"content":{"rendered":"<div style=\"margin-top: 0px; margin-bottom: 0px;\" class=\"sharethis-inline-share-buttons\" ><\/div>\t\t<div data-elementor-type=\"wp-page\" data-elementor-id=\"1021\" class=\"elementor elementor-1021 elementor-548\" data-elementor-post-type=\"page\">\n\t\t\t\t\t\t<section class=\"elementor-section elementor-top-section elementor-element elementor-element-d7d688a elementor-section-boxed elementor-section-height-default elementor-section-height-default\" data-id=\"d7d688a\" data-element_type=\"section\" data-settings=\"{&quot;background_background&quot;:&quot;classic&quot;}\">\n\t\t\t\t\t\t<div class=\"elementor-container elementor-column-gap-default\">\n\t\t\t\t\t<div class=\"elementor-column elementor-col-100 elementor-top-column elementor-element elementor-element-7d6e4db\" data-id=\"7d6e4db\" data-element_type=\"column\">\n\t\t\t<div class=\"elementor-widget-wrap elementor-element-populated\">\n\t\t\t\t\t\t<div class=\"elementor-element elementor-element-16278ac elementor-widget elementor-widget-heading\" data-id=\"16278ac\" data-element_type=\"widget\" data-widget_type=\"heading.default\">\n\t\t\t\t<div class=\"elementor-widget-container\">\n\t\t\t\t\t<h2 class=\"elementor-heading-title elementor-size-default\">Aktualno\u015bci<\/h2>\t\t\t\t<\/div>\n\t\t\t\t<\/div>\n\t\t\t\t<div class=\"elementor-element elementor-element-79bb83c elementor-widget-divider--view-line elementor-widget elementor-widget-divider\" data-id=\"79bb83c\" data-element_type=\"widget\" data-widget_type=\"divider.default\">\n\t\t\t\t<div class=\"elementor-widget-container\">\n\t\t\t\t\t\t\t<div class=\"elementor-divider\">\n\t\t\t<span class=\"elementor-divider-separator\">\n\t\t\t\t\t\t<\/span>\n\t\t<\/div>\n\t\t\t\t\t\t<\/div>\n\t\t\t\t<\/div>\n\t\t\t\t\t<\/div>\n\t\t<\/div>\n\t\t\t\t\t<\/div>\n\t\t<\/section>\n\t\t\t\t<section class=\"elementor-section elementor-top-section elementor-element elementor-element-834ed1e elementor-section-boxed elementor-section-height-default elementor-section-height-default\" data-id=\"834ed1e\" data-element_type=\"section\" data-settings=\"{&quot;background_background&quot;:&quot;classic&quot;}\">\n\t\t\t\t\t\t<div class=\"elementor-container elementor-column-gap-default\">\n\t\t\t\t\t<div class=\"elementor-column elementor-col-100 elementor-top-column elementor-element elementor-element-16f9285\" data-id=\"16f9285\" data-element_type=\"column\">\n\t\t\t<div class=\"elementor-widget-wrap elementor-element-populated\">\n\t\t\t\t\t\t<div class=\"elementor-element elementor-element-a3e9a41 elementor-grid-3 elementor-grid-tablet-2 elementor-grid-mobile-1 elementor-widget elementor-widget-portfolio\" data-id=\"a3e9a41\" data-element_type=\"widget\" data-settings=\"{&quot;item_ratio&quot;:{&quot;unit&quot;:&quot;px&quot;,&quot;size&quot;:1,&quot;sizes&quot;:[]},&quot;row_gap&quot;:{&quot;unit&quot;:&quot;px&quot;,&quot;size&quot;:14,&quot;sizes&quot;:[]},&quot;columns&quot;:&quot;3&quot;,&quot;columns_tablet&quot;:&quot;2&quot;,&quot;columns_mobile&quot;:&quot;1&quot;,&quot;item_gap&quot;:{&quot;unit&quot;:&quot;px&quot;,&quot;size&quot;:&quot;&quot;,&quot;sizes&quot;:[]}}\" data-widget_type=\"portfolio.default\">\n\t\t\t\t<div class=\"elementor-widget-container\">\n\t\t\t\t\t\t\t<div class=\"elementor-portfolio elementor-grid elementor-posts-container\" role=\"list\">\n\t\t\t\t<article class=\"elementor-portfolio-item elementor-post  post-24006 post type-post status-publish format-standard has-post-thumbnail hentry category-naujienos-pl category-dvaro-naujienos entry has-media\" role=\"listitem\">\n\t\t\t<a class=\"elementor-post__thumbnail__link\" href=\"https:\/\/salcininkaikultura.lt\/pl\/2025\/12\/24\/wesolych-swiat\/\">\n\t\t\t\t<div class=\"elementor-portfolio-item__img elementor-post__thumbnail\">\n\t\t\t<img fetchpriority=\"high\" decoding=\"async\" width=\"1200\" height=\"1200\" src=\"https:\/\/salcininkaikultura.lt\/wp-content\/uploads\/2025\/12\/Zyczenia-CKS-2025.jpg\" class=\"attachment-full size-full wp-image-24004\" alt=\"\" srcset=\"https:\/\/salcininkaikultura.lt\/wp-content\/uploads\/2025\/12\/Zyczenia-CKS-2025.jpg 1200w, https:\/\/salcininkaikultura.lt\/wp-content\/uploads\/2025\/12\/Zyczenia-CKS-2025-300x300.jpg 300w, https:\/\/salcininkaikultura.lt\/wp-content\/uploads\/2025\/12\/Zyczenia-CKS-2025-1024x1024.jpg 1024w, https:\/\/salcininkaikultura.lt\/wp-content\/uploads\/2025\/12\/Zyczenia-CKS-2025-150x150.jpg 150w, https:\/\/salcininkaikultura.lt\/wp-content\/uploads\/2025\/12\/Zyczenia-CKS-2025-768x768.jpg 768w, https:\/\/salcininkaikultura.lt\/wp-content\/uploads\/2025\/12\/Zyczenia-CKS-2025-600x600.jpg 600w\" sizes=\"(max-width: 1200px) 100vw, 1200px\" \/>\t\t<\/div>\n\t\t\t\t<div class=\"elementor-portfolio-item__overlay\">\n\t\t\t\t<h3 class=\"elementor-portfolio-item__title\">\n\t\tWeso\u0142ych \u015awi\u0105t!\t\t<\/h3>\n\t\t\t\t<\/div>\n\t\t\t\t<\/a>\n\t\t<\/article>\n\t\t\t\t<article class=\"elementor-portfolio-item elementor-post  post-21242 post type-post status-publish format-standard has-post-thumbnail hentry category-dvaro-naujienos category-renginiai-pl category-dvaro-renginiai category-parodos-pl entry has-media\" role=\"listitem\">\n\t\t\t<a class=\"elementor-post__thumbnail__link\" href=\"https:\/\/salcininkaikultura.lt\/pl\/2025\/03\/21\/wystawa-swiat-przyrody-w-rysunkach-wlodzimierza-korsaka\/\">\n\t\t\t\t<div class=\"elementor-portfolio-item__img elementor-post__thumbnail\">\n\t\t\t<img decoding=\"async\" width=\"607\" height=\"590\" src=\"https:\/\/salcininkaikultura.lt\/wp-content\/uploads\/2025\/03\/Obraz1.jpg\" class=\"attachment-full size-full wp-image-21235\" alt=\"\" srcset=\"https:\/\/salcininkaikultura.lt\/wp-content\/uploads\/2025\/03\/Obraz1.jpg 607w, https:\/\/salcininkaikultura.lt\/wp-content\/uploads\/2025\/03\/Obraz1-300x292.jpg 300w\" sizes=\"(max-width: 607px) 100vw, 607px\" \/>\t\t<\/div>\n\t\t\t\t<div class=\"elementor-portfolio-item__overlay\">\n\t\t\t\t<h3 class=\"elementor-portfolio-item__title\">\n\t\tWystawa \u015aWIAT PRZYRODY W RYSUNKACH W\u0141ODZIMIERZA KORSAKA\t\t<\/h3>\n\t\t\t\t<\/div>\n\t\t\t\t<\/a>\n\t\t<\/article>\n\t\t\t\t<article class=\"elementor-portfolio-item elementor-post  post-16169 post type-post status-publish format-standard has-post-thumbnail hentry category-naujienos-pl category-dvaro-naujienos entry has-media\" role=\"listitem\">\n\t\t\t<a class=\"elementor-post__thumbnail__link\" href=\"https:\/\/salcininkaikultura.lt\/pl\/2023\/10\/02\/siuolaikinio-vaizduojamojo-meno-rusiu-dirbtuviu-organizavimas\/\">\n\t\t\t\t<div class=\"elementor-portfolio-item__img elementor-post__thumbnail\">\n\t\t\t<img decoding=\"async\" width=\"2376\" height=\"2376\" src=\"https:\/\/salcininkaikultura.lt\/wp-content\/uploads\/2023\/10\/2.png\" class=\"attachment-full size-full wp-image-16170\" alt=\"\" srcset=\"https:\/\/salcininkaikultura.lt\/wp-content\/uploads\/2023\/10\/2.png 2376w, https:\/\/salcininkaikultura.lt\/wp-content\/uploads\/2023\/10\/2-300x300.png 300w, https:\/\/salcininkaikultura.lt\/wp-content\/uploads\/2023\/10\/2-1024x1024.png 1024w, https:\/\/salcininkaikultura.lt\/wp-content\/uploads\/2023\/10\/2-150x150.png 150w, https:\/\/salcininkaikultura.lt\/wp-content\/uploads\/2023\/10\/2-768x768.png 768w, https:\/\/salcininkaikultura.lt\/wp-content\/uploads\/2023\/10\/2-1536x1536.png 1536w, https:\/\/salcininkaikultura.lt\/wp-content\/uploads\/2023\/10\/2-2048x2048.png 2048w\" sizes=\"(max-width: 2376px) 100vw, 2376px\" \/>\t\t<\/div>\n\t\t\t\t<div class=\"elementor-portfolio-item__overlay\">\n\t\t\t\t<h3 class=\"elementor-portfolio-item__title\">\n\t\t\u0160IUOLAIKINIO VAIZDUOJAMOJO MENO R\u016a\u0160I\u0172 DIRBTUVI\u0172 ORGANIZAVIMAS\t\t<\/h3>\n\t\t\t\t<\/div>\n\t\t\t\t<\/a>\n\t\t<\/article>\n\t\t\t\t<article class=\"elementor-portfolio-item elementor-post  post-15263 post type-post status-publish format-standard has-post-thumbnail hentry category-naujienos-pl category-dvaro-naujienos category-parodos-pl entry has-media\" role=\"listitem\">\n\t\t\t<a class=\"elementor-post__thumbnail__link\" href=\"https:\/\/salcininkaikultura.lt\/pl\/2023\/06\/09\/wernisaz-wystawy-maroko\/\">\n\t\t\t\t<div class=\"elementor-portfolio-item__img elementor-post__thumbnail\">\n\t\t\t<img loading=\"lazy\" decoding=\"async\" width=\"1224\" height=\"1224\" src=\"https:\/\/salcininkaikultura.lt\/wp-content\/uploads\/2023\/06\/TOMEK-SIKORA-Copy.png\" class=\"attachment-full size-full wp-image-15259\" alt=\"\" srcset=\"https:\/\/salcininkaikultura.lt\/wp-content\/uploads\/2023\/06\/TOMEK-SIKORA-Copy.png 1224w, https:\/\/salcininkaikultura.lt\/wp-content\/uploads\/2023\/06\/TOMEK-SIKORA-Copy-300x300.png 300w, https:\/\/salcininkaikultura.lt\/wp-content\/uploads\/2023\/06\/TOMEK-SIKORA-Copy-1024x1024.png 1024w, https:\/\/salcininkaikultura.lt\/wp-content\/uploads\/2023\/06\/TOMEK-SIKORA-Copy-150x150.png 150w, https:\/\/salcininkaikultura.lt\/wp-content\/uploads\/2023\/06\/TOMEK-SIKORA-Copy-768x768.png 768w\" sizes=\"(max-width: 1224px) 100vw, 1224px\" \/>\t\t<\/div>\n\t\t\t\t<div class=\"elementor-portfolio-item__overlay\">\n\t\t\t\t<h3 class=\"elementor-portfolio-item__title\">\n\t\tWernisa\u017c wystawy &#8222;Maroko&#8221;\t\t<\/h3>\n\t\t\t\t<\/div>\n\t\t\t\t<\/a>\n\t\t<\/article>\n\t\t\t\t<article class=\"elementor-portfolio-item elementor-post  post-14762 post type-post status-publish format-standard has-post-thumbnail hentry category-dvaro-naujienos category-renginiai-pl category-dvaro-renginiai category-koncertai-pl entry has-media\" role=\"listitem\">\n\t\t\t<a class=\"elementor-post__thumbnail__link\" href=\"https:\/\/salcininkaikultura.lt\/pl\/2023\/04\/20\/projekt-witaj-swiecie-muzyki\/\">\n\t\t\t\t<div class=\"elementor-portfolio-item__img elementor-post__thumbnail\">\n\t\t\t<img loading=\"lazy\" decoding=\"async\" width=\"1754\" height=\"1754\" src=\"https:\/\/salcininkaikultura.lt\/wp-content\/uploads\/2023\/04\/kvadratas-PL_page-0001.jpg\" class=\"attachment-full size-full wp-image-14763\" alt=\"\" srcset=\"https:\/\/salcininkaikultura.lt\/wp-content\/uploads\/2023\/04\/kvadratas-PL_page-0001.jpg 1754w, https:\/\/salcininkaikultura.lt\/wp-content\/uploads\/2023\/04\/kvadratas-PL_page-0001-300x300.jpg 300w, https:\/\/salcininkaikultura.lt\/wp-content\/uploads\/2023\/04\/kvadratas-PL_page-0001-1024x1024.jpg 1024w, https:\/\/salcininkaikultura.lt\/wp-content\/uploads\/2023\/04\/kvadratas-PL_page-0001-150x150.jpg 150w, https:\/\/salcininkaikultura.lt\/wp-content\/uploads\/2023\/04\/kvadratas-PL_page-0001-768x768.jpg 768w, https:\/\/salcininkaikultura.lt\/wp-content\/uploads\/2023\/04\/kvadratas-PL_page-0001-1536x1536.jpg 1536w\" sizes=\"(max-width: 1754px) 100vw, 1754px\" \/>\t\t<\/div>\n\t\t\t\t<div class=\"elementor-portfolio-item__overlay\">\n\t\t\t\t<h3 class=\"elementor-portfolio-item__title\">\n\t\tProjekt \u201eWitaj, \u015bwiecie muzyki!\u201d\t\t<\/h3>\n\t\t\t\t<\/div>\n\t\t\t\t<\/a>\n\t\t<\/article>\n\t\t\t\t<article class=\"elementor-portfolio-item elementor-post  post-13231 post type-post status-publish format-standard has-post-thumbnail hentry category-dvaro-naujienos category-renginiai-pl category-dvaro-renginiai category-koncertai-pl entry has-media\" role=\"listitem\">\n\t\t\t<a class=\"elementor-post__thumbnail__link\" href=\"https:\/\/salcininkaikultura.lt\/pl\/2022\/12\/02\/koncert-bozenarodzeniowy-w-palacu-balinskich-w-jaszunach\/\">\n\t\t\t\t<div class=\"elementor-portfolio-item__img elementor-post__thumbnail\">\n\t\t\t<img loading=\"lazy\" decoding=\"async\" width=\"1456\" height=\"1218\" src=\"https:\/\/salcininkaikultura.lt\/wp-content\/uploads\/2022\/12\/kvadratas.png\" class=\"attachment-full size-full wp-image-13225\" alt=\"\" srcset=\"https:\/\/salcininkaikultura.lt\/wp-content\/uploads\/2022\/12\/kvadratas.png 1456w, https:\/\/salcininkaikultura.lt\/wp-content\/uploads\/2022\/12\/kvadratas-300x251.png 300w, https:\/\/salcininkaikultura.lt\/wp-content\/uploads\/2022\/12\/kvadratas-1024x857.png 1024w, https:\/\/salcininkaikultura.lt\/wp-content\/uploads\/2022\/12\/kvadratas-768x642.png 768w\" sizes=\"(max-width: 1456px) 100vw, 1456px\" \/>\t\t<\/div>\n\t\t\t\t<div class=\"elementor-portfolio-item__overlay\">\n\t\t\t\t<h3 class=\"elementor-portfolio-item__title\">\n\t\tKoncert bo\u017conarodzeniowy w Pa\u0142acu Bali\u0144skich w Jaszunach\t\t<\/h3>\n\t\t\t\t<\/div>\n\t\t\t\t<\/a>\n\t\t<\/article>\n\t\t\t\t<\/div>\n\t\t\t\t\t\t<\/div>\n\t\t\t\t<\/div>\n\t\t\t\t\t<\/div>\n\t\t<\/div>\n\t\t\t\t\t<\/div>\n\t\t<\/section>\n\t\t\t\t<\/div>\n\t\t","protected":false},"excerpt":{"rendered":"<p>Aktualno\u015bci<\/p>\n","protected":false},"author":1,"featured_media":0,"parent":999,"menu_order":0,"comment_status":"closed","ping_status":"closed","template":"elementor_header_footer","meta":{"ocean_post_layout":"","ocean_both_sidebars_style":"","ocean_both_sidebars_content_width":0,"ocean_both_sidebars_sidebars_width":0,"ocean_sidebar":"0","ocean_second_sidebar":"0","ocean_disable_margins":"enable","ocean_add_body_class":"","ocean_shortcode_before_top_bar":"","ocean_shortcode_after_top_bar":"","ocean_shortcode_before_header":"","ocean_shortcode_after_header":"","ocean_has_shortcode":"","ocean_shortcode_after_title":"","ocean_shortcode_before_footer_widgets":"","ocean_shortcode_after_footer_widgets":"","ocean_shortcode_before_footer_bottom":"","ocean_shortcode_after_footer_bottom":"","ocean_display_top_bar":"default","ocean_display_header":"default","ocean_header_style":"","ocean_center_header_left_menu":"0","ocean_custom_header_template":"0","ocean_custom_logo":0,"ocean_custom_retina_logo":0,"ocean_custom_logo_max_width":0,"ocean_custom_logo_tablet_max_width":0,"ocean_custom_logo_mobile_max_width":0,"ocean_custom_logo_max_height":0,"ocean_custom_logo_tablet_max_height":0,"ocean_custom_logo_mobile_max_height":0,"ocean_header_custom_menu":"0","ocean_menu_typo_font_family":"0","ocean_menu_typo_font_subset":"","ocean_menu_typo_font_size":0,"ocean_menu_typo_font_size_tablet":0,"ocean_menu_typo_font_size_mobile":0,"ocean_menu_typo_font_size_unit":"px","ocean_menu_typo_font_weight":"","ocean_menu_typo_font_weight_tablet":"","ocean_menu_typo_font_weight_mobile":"","ocean_menu_typo_transform":"","ocean_menu_typo_transform_tablet":"","ocean_menu_typo_transform_mobile":"","ocean_menu_typo_line_height":0,"ocean_menu_typo_line_height_tablet":0,"ocean_menu_typo_line_height_mobile":0,"ocean_menu_typo_line_height_unit":"","ocean_menu_typo_spacing":0,"ocean_menu_typo_spacing_tablet":0,"ocean_menu_typo_spacing_mobile":0,"ocean_menu_typo_spacing_unit":"","ocean_menu_link_color":"","ocean_menu_link_color_hover":"","ocean_menu_link_color_active":"","ocean_menu_link_background":"","ocean_menu_link_hover_background":"","ocean_menu_link_active_background":"","ocean_menu_social_links_bg":"","ocean_menu_social_hover_links_bg":"","ocean_menu_social_links_color":"","ocean_menu_social_hover_links_color":"","ocean_disable_title":"default","ocean_disable_heading":"default","ocean_post_title":"","ocean_post_subheading":"","ocean_post_title_style":"","ocean_post_title_background_color":"","ocean_post_title_background":0,"ocean_post_title_bg_image_position":"","ocean_post_title_bg_image_attachment":"","ocean_post_title_bg_image_repeat":"","ocean_post_title_bg_image_size":"","ocean_post_title_height":0,"ocean_post_title_bg_overlay":0.5,"ocean_post_title_bg_overlay_color":"","ocean_disable_breadcrumbs":"default","ocean_breadcrumbs_color":"","ocean_breadcrumbs_separator_color":"","ocean_breadcrumbs_links_color":"","ocean_breadcrumbs_links_hover_color":"","ocean_display_footer_widgets":"default","ocean_display_footer_bottom":"default","ocean_custom_footer_template":"0","footnotes":""},"class_list":["post-1021","page","type-page","status-publish","hentry","entry","has-media"],"_links":{"self":[{"href":"https:\/\/salcininkaikultura.lt\/pl\/wp-json\/wp\/v2\/pages\/1021","targetHints":{"allow":["GET"]}}],"collection":[{"href":"https:\/\/salcininkaikultura.lt\/pl\/wp-json\/wp\/v2\/pages"}],"about":[{"href":"https:\/\/salcininkaikultura.lt\/pl\/wp-json\/wp\/v2\/types\/page"}],"author":[{"embeddable":true,"href":"https:\/\/salcininkaikultura.lt\/pl\/wp-json\/wp\/v2\/users\/1"}],"replies":[{"embeddable":true,"href":"https:\/\/salcininkaikultura.lt\/pl\/wp-json\/wp\/v2\/comments?post=1021"}],"version-history":[{"count":11,"href":"https:\/\/salcininkaikultura.lt\/pl\/wp-json\/wp\/v2\/pages\/1021\/revisions"}],"predecessor-version":[{"id":6480,"href":"https:\/\/salcininkaikultura.lt\/pl\/wp-json\/wp\/v2\/pages\/1021\/revisions\/6480"}],"up":[{"embeddable":true,"href":"https:\/\/salcininkaikultura.lt\/pl\/wp-json\/wp\/v2\/pages\/999"}],"wp:attachment":[{"href":"https:\/\/salcininkaikultura.lt\/pl\/wp-json\/wp\/v2\/media?parent=1021"}],"curies":[{"name":"wp","href":"https:\/\/api.w.org\/{rel}","templated":true}]}}