{"id":1384,"date":"2020-08-14T07:48:38","date_gmt":"2020-08-14T07:48:38","guid":{"rendered":"https:\/\/dev.getspace.us\/salcininkaikultura\/?page_id=1384"},"modified":"2020-11-30T12:23:23","modified_gmt":"2020-11-30T12:23:23","slug":"centrum-imprez-w-jaszunach","status":"publish","type":"page","link":"https:\/\/salcininkaikultura.lt\/pl\/centrum-imprez-w-jaszunach\/","title":{"rendered":"Centrum Imprez w Jaszunach"},"content":{"rendered":"\t\t<div data-elementor-type=\"wp-page\" data-elementor-id=\"1384\" class=\"elementor elementor-1384 elementor-1373\" data-elementor-post-type=\"page\">\n\t\t\t\t\t\t<section class=\"elementor-section elementor-top-section elementor-element elementor-element-77aacb8 elementor-section-boxed elementor-section-height-default elementor-section-height-default\" data-id=\"77aacb8\" data-element_type=\"section\">\n\t\t\t\t\t\t<div class=\"elementor-container elementor-column-gap-default\">\n\t\t\t\t\t<div class=\"elementor-column elementor-col-100 elementor-top-column elementor-element elementor-element-faffa32\" data-id=\"faffa32\" data-element_type=\"column\">\n\t\t\t<div class=\"elementor-widget-wrap elementor-element-populated\">\n\t\t\t\t\t\t<div class=\"elementor-element elementor-element-d45a02b elementor-widget elementor-widget-heading\" data-id=\"d45a02b\" data-element_type=\"widget\" data-widget_type=\"heading.default\">\n\t\t\t\t<div class=\"elementor-widget-container\">\n\t\t\t\t\t<h2 class=\"elementor-heading-title elementor-size-default\">Centrum Imprez w Jaszunach<\/h2>\t\t\t\t<\/div>\n\t\t\t\t<\/div>\n\t\t\t\t\t<\/div>\n\t\t<\/div>\n\t\t\t\t\t<\/div>\n\t\t<\/section>\n\t\t\t\t<section class=\"elementor-section elementor-top-section elementor-element elementor-element-49df62c elementor-section-boxed elementor-section-height-default elementor-section-height-default\" data-id=\"49df62c\" data-element_type=\"section\">\n\t\t\t\t\t\t<div class=\"elementor-container elementor-column-gap-default\">\n\t\t\t\t\t<div class=\"elementor-column elementor-col-50 elementor-top-column elementor-element elementor-element-3b3c914\" data-id=\"3b3c914\" data-element_type=\"column\">\n\t\t\t<div class=\"elementor-widget-wrap elementor-element-populated\">\n\t\t\t\t\t\t<div class=\"elementor-element elementor-element-e9ad676 elementor-widget elementor-widget-image\" data-id=\"e9ad676\" data-element_type=\"widget\" data-widget_type=\"image.default\">\n\t\t\t\t<div class=\"elementor-widget-container\">\n\t\t\t\t\t\t\t\t\t\t\t\t\t\t\t<img fetchpriority=\"high\" decoding=\"async\" width=\"1024\" height=\"768\" src=\"https:\/\/salcininkaikultura.lt\/wp-content\/uploads\/2020\/08\/DSC_0756-1-1024x768.jpg\" class=\"attachment-large size-large wp-image-1612\" alt=\"\" srcset=\"https:\/\/salcininkaikultura.lt\/wp-content\/uploads\/2020\/08\/DSC_0756-1-1024x768.jpg 1024w, https:\/\/salcininkaikultura.lt\/wp-content\/uploads\/2020\/08\/DSC_0756-1-300x225.jpg 300w, https:\/\/salcininkaikultura.lt\/wp-content\/uploads\/2020\/08\/DSC_0756-1-768x576.jpg 768w, https:\/\/salcininkaikultura.lt\/wp-content\/uploads\/2020\/08\/DSC_0756-1-1536x1152.jpg 1536w, https:\/\/salcininkaikultura.lt\/wp-content\/uploads\/2020\/08\/DSC_0756-1-2048x1536.jpg 2048w\" sizes=\"(max-width: 1024px) 100vw, 1024px\" \/>\t\t\t\t\t\t\t\t\t\t\t\t\t\t\t<\/div>\n\t\t\t\t<\/div>\n\t\t\t\t\t<\/div>\n\t\t<\/div>\n\t\t\t\t<div class=\"elementor-column elementor-col-50 elementor-top-column elementor-element elementor-element-67278c2\" data-id=\"67278c2\" data-element_type=\"column\">\n\t\t\t<div class=\"elementor-widget-wrap elementor-element-populated\">\n\t\t\t\t\t\t<div class=\"elementor-element elementor-element-7b8d1de elementor-widget elementor-widget-text-editor\" data-id=\"7b8d1de\" data-element_type=\"widget\" data-widget_type=\"text-editor.default\">\n\t\t\t\t<div class=\"elementor-widget-container\">\n\t\t\t\t\t\t\t\t\t<p>\u00a0 \u00a0 \u00a0 \u00a0 \u00a0Jaszu\u0144skie Centrum Imprez znajduje si\u0119 w malowniczej, historycznej miejscowo\u015bci Jaszuny. Od wielu lat prowadzi aktywne kulturalne \u017cycie. Zadaniem o\u015brodka jest kultywowanie i rozwijanie regionalnych tradycji kulturalnych, tw\u00f3rczo\u015bci kulturowej, folkloru ludowego i artystycznego. Inspirowanie i organizowanie grup do aktywnego uczestnictwa w \u017cyciu kulturalnym \u015brodowiska. Prowadzenie zaj\u0119\u0107 zoorganizowanych i k\u00f3\u0142ek zainteresowa\u0144. Organizowanie imprez kulturalno-o\u015bwiatowych, artystycznych i rozrywkowych. Organizowanie obchod\u00f3w z okazji wa\u017cnych wydarze\u0144 historycznych i regionalnych. Koordynowanie realizacji przedsi\u0119wzi\u0119\u0107 kulturalnych organizowanych na terenie starostwa Jaszuny.<\/p><p>\u00a0 \u00a0 \u00a0 \u00a0 \u00a0 Jaszu\u0144skie Centrum Imprez wsp\u00f3\u0142pracuje z wieloma instytucjami i plac\u00f3wkami Kultury na Litwie i poza granicami kraju- z Polsk\u0105, z Bia\u0142orusi\u0105. Nawi\u0105zana \u015bcis\u0142a wsp\u00f3\u0142praca z gminami Kurz\u0119tnik i Zb\u00f3jna (Polska), ze Zwi\u0105zkiem Harcerstwa Polskiego w Smerzynie Hufiec ZHP ,Pa\u0142uki\u2019\u2019. Poszukujemy os\u00f3b i organizacji, kt\u00f3rzy s\u0105 zainteresowani wsp\u00f3\u0142prac\u0105, kt\u00f3rzy odczuwaj\u0105 sentyment do ziemi Wile\u0144skiej, do jej historii i tera\u017aniejszo\u015bci.<\/p><p>\u00a0<\/p>\t\t\t\t\t\t\t\t<\/div>\n\t\t\t\t<\/div>\n\t\t\t\t\t<\/div>\n\t\t<\/div>\n\t\t\t\t\t<\/div>\n\t\t<\/section>\n\t\t\t\t<section class=\"elementor-section elementor-top-section elementor-element elementor-element-a343bab elementor-section-boxed elementor-section-height-default elementor-section-height-default\" data-id=\"a343bab\" data-element_type=\"section\">\n\t\t\t\t\t\t<div class=\"elementor-container elementor-column-gap-default\">\n\t\t\t\t\t<div class=\"elementor-column elementor-col-100 elementor-top-column elementor-element elementor-element-820dbc4\" data-id=\"820dbc4\" data-element_type=\"column\">\n\t\t\t<div class=\"elementor-widget-wrap elementor-element-populated\">\n\t\t\t\t\t\t<div class=\"elementor-element elementor-element-b75b8b2 elementor-widget elementor-widget-text-editor\" data-id=\"b75b8b2\" data-element_type=\"widget\" data-widget_type=\"text-editor.default\">\n\t\t\t\t<div class=\"elementor-widget-container\">\n\t\t\t\t\t\t\t\t\t<p>Przy Jaszu\u0144skim Centrum Imprez dzia\u0142a Zesp\u00f3\u0142 Pie\u015bni i Ta\u0144ca \u201eZnad Mereczanki\u201d.<\/p>\t\t\t\t\t\t\t\t<\/div>\n\t\t\t\t<\/div>\n\t\t\t\t\t<\/div>\n\t\t<\/div>\n\t\t\t\t\t<\/div>\n\t\t<\/section>\n\t\t\t\t<section class=\"elementor-section elementor-top-section elementor-element elementor-element-868d656 elementor-section-boxed elementor-section-height-default elementor-section-height-default\" data-id=\"868d656\" data-element_type=\"section\">\n\t\t\t\t\t\t<div class=\"elementor-container elementor-column-gap-default\">\n\t\t\t\t\t<div class=\"elementor-column elementor-col-100 elementor-top-column elementor-element elementor-element-e7fb6fa\" data-id=\"e7fb6fa\" data-element_type=\"column\">\n\t\t\t<div class=\"elementor-widget-wrap elementor-element-populated\">\n\t\t\t\t\t\t<div class=\"elementor-element elementor-element-f05b695 elementor-widget elementor-widget-text-editor\" data-id=\"f05b695\" data-element_type=\"widget\" data-widget_type=\"text-editor.default\">\n\t\t\t\t<div class=\"elementor-widget-container\">\n\t\t\t\t\t\t\t\t\t<p><strong>Kierownik <\/strong>Centrum Imprez w Jaszunach Maria Alencynowicz<\/p><p><strong>Adres: <\/strong>ul. M. Balinskio 10; Jaszuny<br \/>tel. <span style=\"color: #333399;\">+370 (380) 35 240<\/span>,<br \/>e-mail.: <span style=\"color: #333399;\">jasiunai@salcininkaikultura.lt\u00a0\u00a0<\/span><\/p>\t\t\t\t\t\t\t\t<\/div>\n\t\t\t\t<\/div>\n\t\t\t\t\t<\/div>\n\t\t<\/div>\n\t\t\t\t\t<\/div>\n\t\t<\/section>\n\t\t\t\t<\/div>\n\t\t","protected":false},"excerpt":{"rendered":"<p>Centrum Imprez w Jaszunach \u00a0 \u00a0 \u00a0 \u00a0 \u00a0Jaszu\u0144skie Centrum Imprez znajduje si\u0119 w malowniczej, historycznej miejscowo\u015bci Jaszuny. Od wielu lat prowadzi aktywne kulturalne \u017cycie. Zadaniem o\u015brodka jest kultywowanie i rozwijanie regionalnych tradycji kulturalnych, tw\u00f3rczo\u015bci kulturowej, folkloru ludowego i artystycznego. Inspirowanie i organizowanie grup do aktywnego uczestnictwa w \u017cyciu kulturalnym \u015brodowiska. Prowadzenie zaj\u0119\u0107 zoorganizowanych i [&hellip;]<\/p>\n","protected":false},"author":3,"featured_media":0,"parent":0,"menu_order":0,"comment_status":"closed","ping_status":"closed","template":"","meta":{"ocean_post_layout":"","ocean_both_sidebars_style":"","ocean_both_sidebars_content_width":0,"ocean_both_sidebars_sidebars_width":0,"ocean_sidebar":"0","ocean_second_sidebar":"0","ocean_disable_margins":"enable","ocean_add_body_class":"","ocean_shortcode_before_top_bar":"","ocean_shortcode_after_top_bar":"","ocean_shortcode_before_header":"","ocean_shortcode_after_header":"","ocean_has_shortcode":"","ocean_shortcode_after_title":"","ocean_shortcode_before_footer_widgets":"","ocean_shortcode_after_footer_widgets":"","ocean_shortcode_before_footer_bottom":"","ocean_shortcode_after_footer_bottom":"","ocean_display_top_bar":"default","ocean_display_header":"default","ocean_header_style":"","ocean_center_header_left_menu":"0","ocean_custom_header_template":"0","ocean_custom_logo":0,"ocean_custom_retina_logo":0,"ocean_custom_logo_max_width":0,"ocean_custom_logo_tablet_max_width":0,"ocean_custom_logo_mobile_max_width":0,"ocean_custom_logo_max_height":0,"ocean_custom_logo_tablet_max_height":0,"ocean_custom_logo_mobile_max_height":0,"ocean_header_custom_menu":"0","ocean_menu_typo_font_family":"0","ocean_menu_typo_font_subset":"","ocean_menu_typo_font_size":0,"ocean_menu_typo_font_size_tablet":0,"ocean_menu_typo_font_size_mobile":0,"ocean_menu_typo_font_size_unit":"px","ocean_menu_typo_font_weight":"","ocean_menu_typo_font_weight_tablet":"","ocean_menu_typo_font_weight_mobile":"","ocean_menu_typo_transform":"","ocean_menu_typo_transform_tablet":"","ocean_menu_typo_transform_mobile":"","ocean_menu_typo_line_height":0,"ocean_menu_typo_line_height_tablet":0,"ocean_menu_typo_line_height_mobile":0,"ocean_menu_typo_line_height_unit":"","ocean_menu_typo_spacing":0,"ocean_menu_typo_spacing_tablet":0,"ocean_menu_typo_spacing_mobile":0,"ocean_menu_typo_spacing_unit":"","ocean_menu_link_color":"","ocean_menu_link_color_hover":"","ocean_menu_link_color_active":"","ocean_menu_link_background":"","ocean_menu_link_hover_background":"","ocean_menu_link_active_background":"","ocean_menu_social_links_bg":"","ocean_menu_social_hover_links_bg":"","ocean_menu_social_links_color":"","ocean_menu_social_hover_links_color":"","ocean_disable_title":"default","ocean_disable_heading":"default","ocean_post_title":"","ocean_post_subheading":"","ocean_post_title_style":"","ocean_post_title_background_color":"","ocean_post_title_background":0,"ocean_post_title_bg_image_position":"","ocean_post_title_bg_image_attachment":"","ocean_post_title_bg_image_repeat":"","ocean_post_title_bg_image_size":"","ocean_post_title_height":0,"ocean_post_title_bg_overlay":0.5,"ocean_post_title_bg_overlay_color":"","ocean_disable_breadcrumbs":"default","ocean_breadcrumbs_color":"","ocean_breadcrumbs_separator_color":"","ocean_breadcrumbs_links_color":"","ocean_breadcrumbs_links_hover_color":"","ocean_display_footer_widgets":"default","ocean_display_footer_bottom":"default","ocean_custom_footer_template":"0","footnotes":""},"class_list":["post-1384","page","type-page","status-publish","hentry","entry"],"_links":{"self":[{"href":"https:\/\/salcininkaikultura.lt\/pl\/wp-json\/wp\/v2\/pages\/1384","targetHints":{"allow":["GET"]}}],"collection":[{"href":"https:\/\/salcininkaikultura.lt\/pl\/wp-json\/wp\/v2\/pages"}],"about":[{"href":"https:\/\/salcininkaikultura.lt\/pl\/wp-json\/wp\/v2\/types\/page"}],"author":[{"embeddable":true,"href":"https:\/\/salcininkaikultura.lt\/pl\/wp-json\/wp\/v2\/users\/3"}],"replies":[{"embeddable":true,"href":"https:\/\/salcininkaikultura.lt\/pl\/wp-json\/wp\/v2\/comments?post=1384"}],"version-history":[{"count":11,"href":"https:\/\/salcininkaikultura.lt\/pl\/wp-json\/wp\/v2\/pages\/1384\/revisions"}],"predecessor-version":[{"id":4839,"href":"https:\/\/salcininkaikultura.lt\/pl\/wp-json\/wp\/v2\/pages\/1384\/revisions\/4839"}],"wp:attachment":[{"href":"https:\/\/salcininkaikultura.lt\/pl\/wp-json\/wp\/v2\/media?parent=1384"}],"curies":[{"name":"wp","href":"https:\/\/api.w.org\/{rel}","templated":true}]}}