{"id":2005,"date":"2020-09-16T07:12:45","date_gmt":"2020-09-16T07:12:45","guid":{"rendered":"https:\/\/dev.getspace.us\/salcininkaikultura\/?page_id=2005"},"modified":"2026-04-09T09:01:22","modified_gmt":"2026-04-09T09:01:22","slug":"lalymka","status":"publish","type":"page","link":"https:\/\/salcininkaikultura.lt\/pl\/lalymka\/","title":{"rendered":"\u0141a\u0142ymka"},"content":{"rendered":"\t\t<div data-elementor-type=\"wp-page\" data-elementor-id=\"2005\" class=\"elementor elementor-2005 elementor-1979\" data-elementor-post-type=\"page\">\n\t\t\t\t\t\t<section class=\"elementor-section elementor-top-section elementor-element elementor-element-1afc1c4 elementor-section-boxed elementor-section-height-default elementor-section-height-default\" data-id=\"1afc1c4\" data-element_type=\"section\">\n\t\t\t\t\t\t<div class=\"elementor-container elementor-column-gap-default\">\n\t\t\t\t\t<div class=\"elementor-column elementor-col-50 elementor-top-column elementor-element elementor-element-ca9879b\" data-id=\"ca9879b\" data-element_type=\"column\">\n\t\t\t<div class=\"elementor-widget-wrap elementor-element-populated\">\n\t\t\t\t\t\t<div class=\"elementor-element elementor-element-53035b0 elementor-widget elementor-widget-image\" data-id=\"53035b0\" data-element_type=\"widget\" data-widget_type=\"image.default\">\n\t\t\t\t<div class=\"elementor-widget-container\">\n\t\t\t\t\t\t\t\t\t\t\t\t\t\t\t<img fetchpriority=\"high\" decoding=\"async\" width=\"1024\" height=\"682\" src=\"https:\/\/salcininkaikultura.lt\/wp-content\/uploads\/2020\/09\/36614424_1704798939555443_7869781010114674688_o-1024x682.jpg\" class=\"attachment-large size-large wp-image-1994\" alt=\"\" srcset=\"https:\/\/salcininkaikultura.lt\/wp-content\/uploads\/2020\/09\/36614424_1704798939555443_7869781010114674688_o-1024x682.jpg 1024w, https:\/\/salcininkaikultura.lt\/wp-content\/uploads\/2020\/09\/36614424_1704798939555443_7869781010114674688_o-300x200.jpg 300w, https:\/\/salcininkaikultura.lt\/wp-content\/uploads\/2020\/09\/36614424_1704798939555443_7869781010114674688_o-768x512.jpg 768w, https:\/\/salcininkaikultura.lt\/wp-content\/uploads\/2020\/09\/36614424_1704798939555443_7869781010114674688_o.jpg 1229w\" sizes=\"(max-width: 1024px) 100vw, 1024px\" \/>\t\t\t\t\t\t\t\t\t\t\t\t\t\t\t<\/div>\n\t\t\t\t<\/div>\n\t\t\t\t\t<\/div>\n\t\t<\/div>\n\t\t\t\t<div class=\"elementor-column elementor-col-50 elementor-top-column elementor-element elementor-element-1d35659\" data-id=\"1d35659\" data-element_type=\"column\">\n\t\t\t<div class=\"elementor-widget-wrap elementor-element-populated\">\n\t\t\t\t\t\t<div class=\"elementor-element elementor-element-f8a8d16 elementor-widget elementor-widget-heading\" data-id=\"f8a8d16\" data-element_type=\"widget\" data-widget_type=\"heading.default\">\n\t\t\t\t<div class=\"elementor-widget-container\">\n\t\t\t\t\t<h2 class=\"elementor-heading-title elementor-size-default\">Zesp\u00f3\u0142 folklorystyczny \u0141A\u0141YMKA<\/h2>\t\t\t\t<\/div>\n\t\t\t\t<\/div>\n\t\t\t\t<div class=\"elementor-element elementor-element-8ff3824 elementor-widget elementor-widget-text-editor\" data-id=\"8ff3824\" data-element_type=\"widget\" data-widget_type=\"text-editor.default\">\n\t\t\t\t<div class=\"elementor-widget-container\">\n\t\t\t\t\t\t\t\t\t<p><strong>Kierowniki zespo\u0142u: <\/strong>\u0141oreta Grygorowicz ir Gustaw Juzala<\/p><p><strong>E-mail<\/strong>: <span style=\"color: #333399;\">lalymka@salcininkaikultura.lt<\/span><\/p><p><strong>Nr.tel. <\/strong><a href=\"tel:+370 (380) 30172\">+370 (380) 43183<\/a><\/p><p><strong>Adres:<\/strong> Centrum Imprez w Bia\u0142ej Wace (ul. Wile\u0144ska 10, Bia\u0142a Waka, LT-17234)<\/p>\t\t\t\t\t\t\t\t<\/div>\n\t\t\t\t<\/div>\n\t\t\t\t\t<\/div>\n\t\t<\/div>\n\t\t\t\t\t<\/div>\n\t\t<\/section>\n\t\t\t\t<section class=\"elementor-section elementor-top-section elementor-element elementor-element-8028b11 elementor-section-boxed elementor-section-height-default elementor-section-height-default\" data-id=\"8028b11\" data-element_type=\"section\">\n\t\t\t\t\t\t<div class=\"elementor-container elementor-column-gap-default\">\n\t\t\t\t\t<div class=\"elementor-column elementor-col-100 elementor-top-column elementor-element elementor-element-fdf8940\" data-id=\"fdf8940\" data-element_type=\"column\">\n\t\t\t<div class=\"elementor-widget-wrap elementor-element-populated\">\n\t\t\t\t\t\t<div class=\"elementor-element elementor-element-2aa84bb elementor-widget elementor-widget-text-editor\" data-id=\"2aa84bb\" data-element_type=\"widget\" data-widget_type=\"text-editor.default\">\n\t\t\t\t<div class=\"elementor-widget-container\">\n\t\t\t\t\t\t\t\t\t<p>&nbsp; &nbsp; &nbsp;Zesp\u00f3\u0142 \u0141a\u0142ymka, dzia\u0142aj\u0105cy przy Centrum Imprez w Bia\u0142ej Wace, jest najm\u0142odszym zespo\u0142em folklorystycznym Regionu Solecznickiego, powsta\u0142 w 2015 r. Nazw\u0119 sw\u0105 zesp\u00f3\u0142 zawdzi\u0119cza charakterystycznemu dla Wile\u0144szczyzny gatunkowi. \u0141a\u0142ymki to pie\u015bni wielkanocne, \u017cyczenia wykonywane przez nie\u017conatych ch\u0142opc\u00f3w od wieczoru Niedzieli Wielkanocnej do \u015bwitu Poniedzia\u0142ku Wielkanocnego. Pie\u015bni kt\u00f3rych adresatami byli gospodarz i gospodyni odwiedzanego domostwa mia\u0142y charakterystyczny refren: \u0141a\u0142ym, \u0142a\u0142yl, daj \u0142a\u0142ym, kt\u00f3ry da\u0142 pocz\u0105tek nazwie gatunku pie\u015bni wielkanocnych &#8211; \u0142a\u0142ymki<br>Celem zespo\u0142u jest odtwarzaniem pie\u015bni w kszta\u0142cie nalbli\u017cej orygina\u0142owi, pokazuj\u0105c bogactwo i ogromn\u0105 r\u00f3\u017cnorodno\u015b\u0107 muzycznego folkloru litewskich Polak\u00f3w, zar\u00f3wno tych z chlopskich wiosek jak i tych z okolic szlacheckich (za\u015bciankach), wykonuj\u0105c pie\u015bni zgodnie z miejscowymi tradycjami, w danej gwarze, zachowuj\u0105c maniery wykonawcze, techniki wokalne i dusz\u0119 dawnych \u015bpiew\u00f3w.<br>&nbsp; &nbsp; &nbsp;Repertuar \u0141a\u0142ymki to wachlarz pokazuj\u0105cy wszystkie gatunki pie\u015bniowe znane na polskoj\u0119zycznych obszarach Litwy. Z\u0142o\u017conyy jest z pie\u015bni i zabaw obrz\u0119dowo\u015bci dorocznej (zabawy adwentowe, kol\u0119dy, pie\u015bni \u015bwi\u0119tojerskie, \u0142a\u0142ymki, hu\u015btawianki), pie\u015bni obrzedowo\u015bci rodzinnej (chrzcin i weselne), pie\u015bni pracy (\u017cniwne, do\u017cynkowe, zbioru owsa, sianoko\u015bne), pie\u015bni historyczne oraz pie\u015bni powszechne (mi\u0142osne, o stosunkach rodzinnych, o doli i niedoli, \u017cartobliwe, przystolne itd). Cz\u0142onkowie zespo\u0142u znaj\u0105 r\u00f3wnie\u017c ta\u0144ce i korowody Wile\u0144szczyzny i podczas wieczorynek ch\u0119tnie je pokazuj\u0105 i ucz\u0105 innych bawi\u0107 sie jak na dawnej wiejskiej zabawie. \u0141a\u0142ymka \u015bpiewa pie\u015bni zebranych przez Gustawa Juzal\u0119 na badaniach terenowych w ci\u0105gu 25 lat na Wile\u0144szczy\u017anie, Kowie\u0144szczy\u017anie, we wsiach regionu kiejda\u0144skiego i na Laudzie, ale szczeg\u00f3ln\u0105 uwag\u0119 zesp\u00f3\u0142 po\u015bwi\u0119ca pie\u015bniom regionu z kt\u00f3rego wywodzi si\u0119, solecznickiego.<br>&nbsp; &nbsp; &nbsp;Zesp\u00f3\u0142 organizowa\u0142 wiele koncert\u00f3w i zabaw (wieczorynek) na Litwie i w Polsce. Uczestniczy\u0142 na festiwalach Pie\u015b\u0144 znad Solczy, Skamba skamba kankliai, na mi\u0119dzynarodowej konferencji etnomuzkologicznej NORDTRAD, na \u015awi\u0119cie pie\u015bni, mia\u0142 koncert w Katedrze Etnomuzykologii Litewskiej Akademii Muzyki i Teatru, wsz\u0119dzie dziel\u0105c si\u0119 pi\u0119knem polskich pie\u015bni, zyskuj\u0105c aprobat\u0119 s\u0142uchaczy i uznanie specjalist\u00f3w. \u0141a\u0142ymka ma w swoim dorobku takie programy jak: Wesele wile\u0144\u015bkie, Chrzciny, Wieczorynka, Pie\u015bni historyczne, Zabawa andrzejkowa.<\/p>\t\t\t\t\t\t\t\t<\/div>\n\t\t\t\t<\/div>\n\t\t\t\t\t<\/div>\n\t\t<\/div>\n\t\t\t\t\t<\/div>\n\t\t<\/section>\n\t\t\t\t<section class=\"elementor-section elementor-top-section elementor-element elementor-element-46df9a7 elementor-section-boxed elementor-section-height-default elementor-section-height-default\" data-id=\"46df9a7\" data-element_type=\"section\">\n\t\t\t\t\t\t<div class=\"elementor-container elementor-column-gap-default\">\n\t\t\t\t\t<div class=\"elementor-column elementor-col-100 elementor-top-column elementor-element elementor-element-b748ca1\" data-id=\"b748ca1\" data-element_type=\"column\">\n\t\t\t<div class=\"elementor-widget-wrap elementor-element-populated\">\n\t\t\t\t\t\t<div class=\"elementor-element elementor-element-81b7313 elementor-widget elementor-widget-image-gallery\" data-id=\"81b7313\" data-element_type=\"widget\" data-widget_type=\"image-gallery.default\">\n\t\t\t\t<div class=\"elementor-widget-container\">\n\t\t\t\t\t\t\t<div class=\"elementor-image-gallery\">\n\t\t\t<div id='gallery-1' class='gallery galleryid-2005 gallery-columns-2 gallery-size-medium_large'><figure class='gallery-item'>\n\t\t\t<div class='gallery-icon landscape'>\n\t\t\t\t<a data-elementor-open-lightbox=\"yes\" data-elementor-lightbox-slideshow=\"81b7313\" data-elementor-lightbox-title=\"36621943_1811781055554139_321699364072325120_n\" data-e-action-hash=\"#elementor-action%3Aaction%3Dlightbox%26settings%3DeyJpZCI6MTk5NywidXJsIjoiaHR0cHM6XC9cL3NhbGNpbmlua2Fpa3VsdHVyYS5sdFwvd3AtY29udGVudFwvdXBsb2Fkc1wvMjAyMFwvMDlcLzM2NjIxOTQzXzE4MTE3ODEwNTU1NTQxMzlfMzIxNjk5MzY0MDcyMzI1MTIwX24uanBnIiwic2xpZGVzaG93IjoiODFiNzMxMyJ9\" href='https:\/\/salcininkaikultura.lt\/wp-content\/uploads\/2020\/09\/36621943_1811781055554139_321699364072325120_n.jpg'><img decoding=\"async\" width=\"768\" height=\"512\" src=\"https:\/\/salcininkaikultura.lt\/wp-content\/uploads\/2020\/09\/36621943_1811781055554139_321699364072325120_n-768x512.jpg\" class=\"attachment-medium_large size-medium_large\" alt=\"\" srcset=\"https:\/\/salcininkaikultura.lt\/wp-content\/uploads\/2020\/09\/36621943_1811781055554139_321699364072325120_n-768x512.jpg 768w, https:\/\/salcininkaikultura.lt\/wp-content\/uploads\/2020\/09\/36621943_1811781055554139_321699364072325120_n-300x200.jpg 300w, https:\/\/salcininkaikultura.lt\/wp-content\/uploads\/2020\/09\/36621943_1811781055554139_321699364072325120_n-1024x683.jpg 1024w, https:\/\/salcininkaikultura.lt\/wp-content\/uploads\/2020\/09\/36621943_1811781055554139_321699364072325120_n.jpg 1377w\" sizes=\"(max-width: 768px) 100vw, 768px\" \/><\/a>\n\t\t\t<\/div><\/figure><figure class='gallery-item'>\n\t\t\t<div class='gallery-icon landscape'>\n\t\t\t\t<a data-elementor-open-lightbox=\"yes\" data-elementor-lightbox-slideshow=\"81b7313\" data-elementor-lightbox-title=\"36601387_1704799029555434_6467320213393113088_o\" data-e-action-hash=\"#elementor-action%3Aaction%3Dlightbox%26settings%3DeyJpZCI6MTk5MSwidXJsIjoiaHR0cHM6XC9cL3NhbGNpbmlua2Fpa3VsdHVyYS5sdFwvd3AtY29udGVudFwvdXBsb2Fkc1wvMjAyMFwvMDlcLzM2NjAxMzg3XzE3MDQ3OTkwMjk1NTU0MzRfNjQ2NzMyMDIxMzM5MzExMzA4OF9vLmpwZyIsInNsaWRlc2hvdyI6IjgxYjczMTMifQ%3D%3D\" href='https:\/\/salcininkaikultura.lt\/wp-content\/uploads\/2020\/09\/36601387_1704799029555434_6467320213393113088_o.jpg'><img decoding=\"async\" width=\"768\" height=\"512\" src=\"https:\/\/salcininkaikultura.lt\/wp-content\/uploads\/2020\/09\/36601387_1704799029555434_6467320213393113088_o-768x512.jpg\" class=\"attachment-medium_large size-medium_large\" alt=\"\" srcset=\"https:\/\/salcininkaikultura.lt\/wp-content\/uploads\/2020\/09\/36601387_1704799029555434_6467320213393113088_o-768x512.jpg 768w, https:\/\/salcininkaikultura.lt\/wp-content\/uploads\/2020\/09\/36601387_1704799029555434_6467320213393113088_o-300x200.jpg 300w, https:\/\/salcininkaikultura.lt\/wp-content\/uploads\/2020\/09\/36601387_1704799029555434_6467320213393113088_o-1024x682.jpg 1024w, https:\/\/salcininkaikultura.lt\/wp-content\/uploads\/2020\/09\/36601387_1704799029555434_6467320213393113088_o.jpg 1229w\" sizes=\"(max-width: 768px) 100vw, 768px\" \/><\/a>\n\t\t\t<\/div><\/figure><figure class='gallery-item'>\n\t\t\t<div class='gallery-icon landscape'>\n\t\t\t\t<a data-elementor-open-lightbox=\"yes\" data-elementor-lightbox-slideshow=\"81b7313\" data-elementor-lightbox-title=\"36478224_1704798932888777_4561708825488392192_o\" data-e-action-hash=\"#elementor-action%3Aaction%3Dlightbox%26settings%3DeyJpZCI6MTk4OCwidXJsIjoiaHR0cHM6XC9cL3NhbGNpbmlua2Fpa3VsdHVyYS5sdFwvd3AtY29udGVudFwvdXBsb2Fkc1wvMjAyMFwvMDlcLzM2NDc4MjI0XzE3MDQ3OTg5MzI4ODg3NzdfNDU2MTcwODgyNTQ4ODM5MjE5Ml9vLmpwZyIsInNsaWRlc2hvdyI6IjgxYjczMTMifQ%3D%3D\" href='https:\/\/salcininkaikultura.lt\/wp-content\/uploads\/2020\/09\/36478224_1704798932888777_4561708825488392192_o.jpg'><img loading=\"lazy\" decoding=\"async\" width=\"768\" height=\"512\" src=\"https:\/\/salcininkaikultura.lt\/wp-content\/uploads\/2020\/09\/36478224_1704798932888777_4561708825488392192_o-768x512.jpg\" class=\"attachment-medium_large size-medium_large\" alt=\"\" srcset=\"https:\/\/salcininkaikultura.lt\/wp-content\/uploads\/2020\/09\/36478224_1704798932888777_4561708825488392192_o-768x512.jpg 768w, https:\/\/salcininkaikultura.lt\/wp-content\/uploads\/2020\/09\/36478224_1704798932888777_4561708825488392192_o-300x200.jpg 300w, https:\/\/salcininkaikultura.lt\/wp-content\/uploads\/2020\/09\/36478224_1704798932888777_4561708825488392192_o-1024x682.jpg 1024w, https:\/\/salcininkaikultura.lt\/wp-content\/uploads\/2020\/09\/36478224_1704798932888777_4561708825488392192_o.jpg 1229w\" sizes=\"(max-width: 768px) 100vw, 768px\" \/><\/a>\n\t\t\t<\/div><\/figure><figure class='gallery-item'>\n\t\t\t<div class='gallery-icon landscape'>\n\t\t\t\t<a data-elementor-open-lightbox=\"yes\" data-elementor-lightbox-slideshow=\"81b7313\" data-elementor-lightbox-title=\"28701447_1510334652425612_2970992270482638894_o\" data-e-action-hash=\"#elementor-action%3Aaction%3Dlightbox%26settings%3DeyJpZCI6MTk4NSwidXJsIjoiaHR0cHM6XC9cL3NhbGNpbmlua2Fpa3VsdHVyYS5sdFwvd3AtY29udGVudFwvdXBsb2Fkc1wvMjAyMFwvMDlcLzI4NzAxNDQ3XzE1MTAzMzQ2NTI0MjU2MTJfMjk3MDk5MjI3MDQ4MjYzODg5NF9vLmpwZyIsInNsaWRlc2hvdyI6IjgxYjczMTMifQ%3D%3D\" href='https:\/\/salcininkaikultura.lt\/wp-content\/uploads\/2020\/09\/28701447_1510334652425612_2970992270482638894_o.jpg'><img loading=\"lazy\" decoding=\"async\" width=\"768\" height=\"512\" src=\"https:\/\/salcininkaikultura.lt\/wp-content\/uploads\/2020\/09\/28701447_1510334652425612_2970992270482638894_o-768x512.jpg\" class=\"attachment-medium_large size-medium_large\" alt=\"\" srcset=\"https:\/\/salcininkaikultura.lt\/wp-content\/uploads\/2020\/09\/28701447_1510334652425612_2970992270482638894_o-768x512.jpg 768w, https:\/\/salcininkaikultura.lt\/wp-content\/uploads\/2020\/09\/28701447_1510334652425612_2970992270482638894_o-300x200.jpg 300w, https:\/\/salcininkaikultura.lt\/wp-content\/uploads\/2020\/09\/28701447_1510334652425612_2970992270482638894_o-1024x683.jpg 1024w, https:\/\/salcininkaikultura.lt\/wp-content\/uploads\/2020\/09\/28701447_1510334652425612_2970992270482638894_o.jpg 1500w\" sizes=\"(max-width: 768px) 100vw, 768px\" \/><\/a>\n\t\t\t<\/div><\/figure><figure class='gallery-item'>\n\t\t\t<div class='gallery-icon landscape'>\n\t\t\t\t<a data-elementor-open-lightbox=\"yes\" data-elementor-lightbox-slideshow=\"81b7313\" data-elementor-lightbox-title=\"28516001_833823366790811_5890006769239302161_o\" data-e-action-hash=\"#elementor-action%3Aaction%3Dlightbox%26settings%3DeyJpZCI6MTk4MiwidXJsIjoiaHR0cHM6XC9cL3NhbGNpbmlua2Fpa3VsdHVyYS5sdFwvd3AtY29udGVudFwvdXBsb2Fkc1wvMjAyMFwvMDlcLzI4NTE2MDAxXzgzMzgyMzM2Njc5MDgxMV81ODkwMDA2NzY5MjM5MzAyMTYxX28uanBnIiwic2xpZGVzaG93IjoiODFiNzMxMyJ9\" href='https:\/\/salcininkaikultura.lt\/wp-content\/uploads\/2020\/09\/28516001_833823366790811_5890006769239302161_o.jpg'><img loading=\"lazy\" decoding=\"async\" width=\"768\" height=\"512\" src=\"https:\/\/salcininkaikultura.lt\/wp-content\/uploads\/2020\/09\/28516001_833823366790811_5890006769239302161_o-768x512.jpg\" class=\"attachment-medium_large size-medium_large\" alt=\"\" srcset=\"https:\/\/salcininkaikultura.lt\/wp-content\/uploads\/2020\/09\/28516001_833823366790811_5890006769239302161_o-768x512.jpg 768w, https:\/\/salcininkaikultura.lt\/wp-content\/uploads\/2020\/09\/28516001_833823366790811_5890006769239302161_o-300x200.jpg 300w, https:\/\/salcininkaikultura.lt\/wp-content\/uploads\/2020\/09\/28516001_833823366790811_5890006769239302161_o-1024x683.jpg 1024w, https:\/\/salcininkaikultura.lt\/wp-content\/uploads\/2020\/09\/28516001_833823366790811_5890006769239302161_o-1536x1025.jpg 1536w, https:\/\/salcininkaikultura.lt\/wp-content\/uploads\/2020\/09\/28516001_833823366790811_5890006769239302161_o.jpg 1892w\" sizes=\"(max-width: 768px) 100vw, 768px\" \/><\/a>\n\t\t\t<\/div><\/figure>\n\t\t<\/div>\n\t\t<\/div>\n\t\t\t\t\t\t<\/div>\n\t\t\t\t<\/div>\n\t\t\t\t\t<\/div>\n\t\t<\/div>\n\t\t\t\t\t<\/div>\n\t\t<\/section>\n\t\t\t\t<section class=\"elementor-section elementor-top-section elementor-element elementor-element-fbdb761 elementor-section-boxed elementor-section-height-default elementor-section-height-default\" data-id=\"fbdb761\" data-element_type=\"section\">\n\t\t\t\t\t\t<div class=\"elementor-container elementor-column-gap-default\">\n\t\t\t\t\t<div class=\"elementor-column elementor-col-66 elementor-top-column elementor-element elementor-element-c88ec0b\" data-id=\"c88ec0b\" data-element_type=\"column\">\n\t\t\t<div class=\"elementor-widget-wrap elementor-element-populated\">\n\t\t\t\t\t\t<div class=\"elementor-element elementor-element-f8dfd4d elementor-widget elementor-widget-video\" data-id=\"f8dfd4d\" data-element_type=\"widget\" data-settings=\"{&quot;youtube_url&quot;:&quot;https:\\\/\\\/www.youtube.com\\\/watch?v=ilEdN4aGwgM&quot;,&quot;video_type&quot;:&quot;youtube&quot;,&quot;controls&quot;:&quot;yes&quot;}\" data-widget_type=\"video.default\">\n\t\t\t\t<div class=\"elementor-widget-container\">\n\t\t\t\t\t\t\t<div class=\"elementor-wrapper elementor-open-inline\">\n\t\t\t<div class=\"elementor-video\"><\/div>\t\t<\/div>\n\t\t\t\t\t\t<\/div>\n\t\t\t\t<\/div>\n\t\t\t\t\t<\/div>\n\t\t<\/div>\n\t\t\t\t<div class=\"elementor-column elementor-col-33 elementor-top-column elementor-element elementor-element-5ad94ad\" data-id=\"5ad94ad\" data-element_type=\"column\">\n\t\t\t<div class=\"elementor-widget-wrap\">\n\t\t\t\t\t\t\t<\/div>\n\t\t<\/div>\n\t\t\t\t\t<\/div>\n\t\t<\/section>\n\t\t\t\t<\/div>\n\t\t","protected":false},"excerpt":{"rendered":"<p>Zesp\u00f3\u0142 folklorystyczny \u0141A\u0141YMKA Kierowniki zespo\u0142u: \u0141oreta Grygorowicz ir Gustaw Juzala E-mail: lalymka@salcininkaikultura.lt Nr.tel. +370 (380) 43183 Adres: Centrum Imprez w Bia\u0142ej Wace (ul. Wile\u0144ska 10, Bia\u0142a Waka, LT-17234) &nbsp; &nbsp; &nbsp;Zesp\u00f3\u0142 \u0141a\u0142ymka, dzia\u0142aj\u0105cy przy Centrum Imprez w Bia\u0142ej Wace, jest najm\u0142odszym zespo\u0142em folklorystycznym Regionu Solecznickiego, powsta\u0142 w 2015 r. Nazw\u0119 sw\u0105 zesp\u00f3\u0142 zawdzi\u0119cza charakterystycznemu dla [&hellip;]<\/p>\n","protected":false},"author":3,"featured_media":0,"parent":0,"menu_order":0,"comment_status":"closed","ping_status":"closed","template":"","meta":{"ocean_post_layout":"","ocean_both_sidebars_style":"","ocean_both_sidebars_content_width":0,"ocean_both_sidebars_sidebars_width":0,"ocean_sidebar":"","ocean_second_sidebar":"","ocean_disable_margins":"enable","ocean_add_body_class":"","ocean_shortcode_before_top_bar":"","ocean_shortcode_after_top_bar":"","ocean_shortcode_before_header":"","ocean_shortcode_after_header":"","ocean_has_shortcode":"","ocean_shortcode_after_title":"","ocean_shortcode_before_footer_widgets":"","ocean_shortcode_after_footer_widgets":"","ocean_shortcode_before_footer_bottom":"","ocean_shortcode_after_footer_bottom":"","ocean_display_top_bar":"default","ocean_display_header":"default","ocean_header_style":"","ocean_center_header_left_menu":"","ocean_custom_header_template":"","ocean_custom_logo":0,"ocean_custom_retina_logo":0,"ocean_custom_logo_max_width":0,"ocean_custom_logo_tablet_max_width":0,"ocean_custom_logo_mobile_max_width":0,"ocean_custom_logo_max_height":0,"ocean_custom_logo_tablet_max_height":0,"ocean_custom_logo_mobile_max_height":0,"ocean_header_custom_menu":"","ocean_menu_typo_font_family":"","ocean_menu_typo_font_subset":"","ocean_menu_typo_font_size":0,"ocean_menu_typo_font_size_tablet":0,"ocean_menu_typo_font_size_mobile":0,"ocean_menu_typo_font_size_unit":"px","ocean_menu_typo_font_weight":"","ocean_menu_typo_font_weight_tablet":"","ocean_menu_typo_font_weight_mobile":"","ocean_menu_typo_transform":"","ocean_menu_typo_transform_tablet":"","ocean_menu_typo_transform_mobile":"","ocean_menu_typo_line_height":0,"ocean_menu_typo_line_height_tablet":0,"ocean_menu_typo_line_height_mobile":0,"ocean_menu_typo_line_height_unit":"","ocean_menu_typo_spacing":0,"ocean_menu_typo_spacing_tablet":0,"ocean_menu_typo_spacing_mobile":0,"ocean_menu_typo_spacing_unit":"","ocean_menu_link_color":"","ocean_menu_link_color_hover":"","ocean_menu_link_color_active":"","ocean_menu_link_background":"","ocean_menu_link_hover_background":"","ocean_menu_link_active_background":"","ocean_menu_social_links_bg":"","ocean_menu_social_hover_links_bg":"","ocean_menu_social_links_color":"","ocean_menu_social_hover_links_color":"","ocean_disable_title":"default","ocean_disable_heading":"default","ocean_post_title":"","ocean_post_subheading":"","ocean_post_title_style":"","ocean_post_title_background_color":"","ocean_post_title_background":0,"ocean_post_title_bg_image_position":"","ocean_post_title_bg_image_attachment":"","ocean_post_title_bg_image_repeat":"","ocean_post_title_bg_image_size":"","ocean_post_title_height":0,"ocean_post_title_bg_overlay":0.5,"ocean_post_title_bg_overlay_color":"","ocean_disable_breadcrumbs":"default","ocean_breadcrumbs_color":"","ocean_breadcrumbs_separator_color":"","ocean_breadcrumbs_links_color":"","ocean_breadcrumbs_links_hover_color":"","ocean_display_footer_widgets":"default","ocean_display_footer_bottom":"default","ocean_custom_footer_template":"","footnotes":""},"class_list":["post-2005","page","type-page","status-publish","hentry","entry"],"_links":{"self":[{"href":"https:\/\/salcininkaikultura.lt\/pl\/wp-json\/wp\/v2\/pages\/2005","targetHints":{"allow":["GET"]}}],"collection":[{"href":"https:\/\/salcininkaikultura.lt\/pl\/wp-json\/wp\/v2\/pages"}],"about":[{"href":"https:\/\/salcininkaikultura.lt\/pl\/wp-json\/wp\/v2\/types\/page"}],"author":[{"embeddable":true,"href":"https:\/\/salcininkaikultura.lt\/pl\/wp-json\/wp\/v2\/users\/3"}],"replies":[{"embeddable":true,"href":"https:\/\/salcininkaikultura.lt\/pl\/wp-json\/wp\/v2\/comments?post=2005"}],"version-history":[{"count":10,"href":"https:\/\/salcininkaikultura.lt\/pl\/wp-json\/wp\/v2\/pages\/2005\/revisions"}],"predecessor-version":[{"id":24651,"href":"https:\/\/salcininkaikultura.lt\/pl\/wp-json\/wp\/v2\/pages\/2005\/revisions\/24651"}],"wp:attachment":[{"href":"https:\/\/salcininkaikultura.lt\/pl\/wp-json\/wp\/v2\/media?parent=2005"}],"curies":[{"name":"wp","href":"https:\/\/api.w.org\/{rel}","templated":true}]}}