{"id":865,"date":"2020-05-26T13:59:45","date_gmt":"2020-05-26T13:59:45","guid":{"rendered":"https:\/\/dev.getspace.us\/salcininkaikultura\/?page_id=865"},"modified":"2021-01-20T07:26:44","modified_gmt":"2021-01-20T07:26:44","slug":"aktualnosci","status":"publish","type":"page","link":"https:\/\/salcininkaikultura.lt\/pl\/aktualnosci\/","title":{"rendered":"Aktualno\u015bci"},"content":{"rendered":"<div style=\"margin-top: 0px; margin-bottom: 0px;\" class=\"sharethis-inline-share-buttons\" ><\/div>\t\t<div data-elementor-type=\"wp-page\" data-elementor-id=\"865\" class=\"elementor elementor-865 elementor-9\" data-elementor-post-type=\"page\">\n\t\t\t\t\t\t<section class=\"elementor-section elementor-top-section elementor-element elementor-element-d7d688a elementor-section-boxed elementor-section-height-default elementor-section-height-default\" data-id=\"d7d688a\" data-element_type=\"section\" data-settings=\"{&quot;background_background&quot;:&quot;classic&quot;}\">\n\t\t\t\t\t\t<div class=\"elementor-container elementor-column-gap-default\">\n\t\t\t\t\t<div class=\"elementor-column elementor-col-100 elementor-top-column elementor-element elementor-element-7d6e4db\" data-id=\"7d6e4db\" data-element_type=\"column\">\n\t\t\t<div class=\"elementor-widget-wrap elementor-element-populated\">\n\t\t\t\t\t\t<div class=\"elementor-element elementor-element-16278ac elementor-widget elementor-widget-heading\" data-id=\"16278ac\" data-element_type=\"widget\" data-widget_type=\"heading.default\">\n\t\t\t\t<div class=\"elementor-widget-container\">\n\t\t\t\t\t<h2 class=\"elementor-heading-title elementor-size-default\">Aktualno\u015bci<\/h2>\t\t\t\t<\/div>\n\t\t\t\t<\/div>\n\t\t\t\t<div class=\"elementor-element elementor-element-79bb83c elementor-widget-divider--view-line elementor-widget elementor-widget-divider\" data-id=\"79bb83c\" data-element_type=\"widget\" data-widget_type=\"divider.default\">\n\t\t\t\t<div class=\"elementor-widget-container\">\n\t\t\t\t\t\t\t<div class=\"elementor-divider\">\n\t\t\t<span class=\"elementor-divider-separator\">\n\t\t\t\t\t\t<\/span>\n\t\t<\/div>\n\t\t\t\t\t\t<\/div>\n\t\t\t\t<\/div>\n\t\t\t\t\t<\/div>\n\t\t<\/div>\n\t\t\t\t\t<\/div>\n\t\t<\/section>\n\t\t\t\t<section class=\"elementor-section elementor-top-section elementor-element elementor-element-834ed1e elementor-section-boxed elementor-section-height-default elementor-section-height-default\" data-id=\"834ed1e\" data-element_type=\"section\" data-settings=\"{&quot;background_background&quot;:&quot;classic&quot;}\">\n\t\t\t\t\t\t<div class=\"elementor-container elementor-column-gap-default\">\n\t\t\t\t\t<div class=\"elementor-column elementor-col-100 elementor-top-column elementor-element elementor-element-16f9285\" data-id=\"16f9285\" data-element_type=\"column\">\n\t\t\t<div class=\"elementor-widget-wrap elementor-element-populated\">\n\t\t\t\t\t\t<div class=\"elementor-element elementor-element-a3e9a41 elementor-grid-3 elementor-grid-tablet-2 elementor-grid-mobile-1 elementor-widget elementor-widget-portfolio\" data-id=\"a3e9a41\" data-element_type=\"widget\" data-settings=\"{&quot;item_ratio&quot;:{&quot;unit&quot;:&quot;px&quot;,&quot;size&quot;:1,&quot;sizes&quot;:[]},&quot;row_gap&quot;:{&quot;unit&quot;:&quot;px&quot;,&quot;size&quot;:14,&quot;sizes&quot;:[]},&quot;columns&quot;:&quot;3&quot;,&quot;columns_tablet&quot;:&quot;2&quot;,&quot;columns_mobile&quot;:&quot;1&quot;,&quot;item_gap&quot;:{&quot;unit&quot;:&quot;px&quot;,&quot;size&quot;:&quot;&quot;,&quot;sizes&quot;:[]}}\" data-widget_type=\"portfolio.default\">\n\t\t\t\t<div class=\"elementor-widget-container\">\n\t\t\t\t\t\t\t<div class=\"elementor-portfolio elementor-grid elementor-posts-container\" role=\"list\">\n\t\t\t\t<article class=\"elementor-portfolio-item elementor-post  post-24221 post type-post status-publish format-standard has-post-thumbnail hentry category-naujienos-pl category-festivaliai-pl category-renginiai-pl entry has-media\" role=\"listitem\">\n\t\t\t<a class=\"elementor-post__thumbnail__link\" href=\"https:\/\/salcininkaikultura.lt\/pl\/2026\/01\/28\/zapraszamy-do-udzialu-w-xi-miedzynarodowym-festiwalu-muzyki-choralnej-o-zlota-wstege-solczy\/\">\n\t\t\t\t<div class=\"elementor-portfolio-item__img elementor-post__thumbnail\">\n\t\t\t<img fetchpriority=\"high\" decoding=\"async\" width=\"1191\" height=\"1684\" src=\"https:\/\/salcininkaikultura.lt\/wp-content\/uploads\/2026\/01\/XI-Miedzynarodowy-festiwal-muzyki-choralnej-w-Ejszyszkach-2026-.jpg\" class=\"attachment-full size-full wp-image-24204\" alt=\"\" srcset=\"https:\/\/salcininkaikultura.lt\/wp-content\/uploads\/2026\/01\/XI-Miedzynarodowy-festiwal-muzyki-choralnej-w-Ejszyszkach-2026-.jpg 1191w, https:\/\/salcininkaikultura.lt\/wp-content\/uploads\/2026\/01\/XI-Miedzynarodowy-festiwal-muzyki-choralnej-w-Ejszyszkach-2026--212x300.jpg 212w, https:\/\/salcininkaikultura.lt\/wp-content\/uploads\/2026\/01\/XI-Miedzynarodowy-festiwal-muzyki-choralnej-w-Ejszyszkach-2026--724x1024.jpg 724w, https:\/\/salcininkaikultura.lt\/wp-content\/uploads\/2026\/01\/XI-Miedzynarodowy-festiwal-muzyki-choralnej-w-Ejszyszkach-2026--768x1086.jpg 768w, https:\/\/salcininkaikultura.lt\/wp-content\/uploads\/2026\/01\/XI-Miedzynarodowy-festiwal-muzyki-choralnej-w-Ejszyszkach-2026--1086x1536.jpg 1086w\" sizes=\"(max-width: 1191px) 100vw, 1191px\" \/>\t\t<\/div>\n\t\t\t\t<div class=\"elementor-portfolio-item__overlay\">\n\t\t\t\t<h3 class=\"elementor-portfolio-item__title\">\n\t\tZapraszamy do udzia\u0142u w XI MI\u0118DZYNARODOWYM FESTIWALU MUZYKI CH\u00d3RALNEJ \u201eO Z\u0141OT\u0104 WST\u0118G\u0118 SOLCZY\u201d\t\t<\/h3>\n\t\t\t\t<\/div>\n\t\t\t\t<\/a>\n\t\t<\/article>\n\t\t\t\t<article class=\"elementor-portfolio-item elementor-post  post-24025 post type-post status-publish format-standard has-post-thumbnail hentry category-naujienos-pl entry has-media\" role=\"listitem\">\n\t\t\t<a class=\"elementor-post__thumbnail__link\" href=\"https:\/\/salcininkaikultura.lt\/pl\/2025\/12\/28\/nowa-energia-i-nowe-brzmienie-zespolu-art-of-music\/\">\n\t\t\t\t<div class=\"elementor-portfolio-item__img elementor-post__thumbnail\">\n\t\t\t<img decoding=\"async\" width=\"2048\" height=\"1448\" src=\"https:\/\/salcininkaikultura.lt\/wp-content\/uploads\/2025\/12\/603938275_1310608031102480_50822496759304477_n.jpg\" class=\"attachment-full size-full wp-image-24026\" alt=\"\" srcset=\"https:\/\/salcininkaikultura.lt\/wp-content\/uploads\/2025\/12\/603938275_1310608031102480_50822496759304477_n.jpg 2048w, https:\/\/salcininkaikultura.lt\/wp-content\/uploads\/2025\/12\/603938275_1310608031102480_50822496759304477_n-300x212.jpg 300w, https:\/\/salcininkaikultura.lt\/wp-content\/uploads\/2025\/12\/603938275_1310608031102480_50822496759304477_n-1024x724.jpg 1024w, https:\/\/salcininkaikultura.lt\/wp-content\/uploads\/2025\/12\/603938275_1310608031102480_50822496759304477_n-768x543.jpg 768w, https:\/\/salcininkaikultura.lt\/wp-content\/uploads\/2025\/12\/603938275_1310608031102480_50822496759304477_n-1536x1086.jpg 1536w\" sizes=\"(max-width: 2048px) 100vw, 2048px\" \/>\t\t<\/div>\n\t\t\t\t<div class=\"elementor-portfolio-item__overlay\">\n\t\t\t\t<h3 class=\"elementor-portfolio-item__title\">\n\t\tNowa energia i nowe brzmienie zespo\u0142u ART OF MUSIC!\t\t<\/h3>\n\t\t\t\t<\/div>\n\t\t\t\t<\/a>\n\t\t<\/article>\n\t\t\t\t<article class=\"elementor-portfolio-item elementor-post  post-24023 post type-post status-publish format-standard has-post-thumbnail hentry category-naujienos-pl entry has-media\" role=\"listitem\">\n\t\t\t<a class=\"elementor-post__thumbnail__link\" href=\"https:\/\/salcininkaikultura.lt\/pl\/2025\/12\/28\/projekt-wsparcie-dzialalnosci-zespolu-piesni-i-tanca-solczanie\/\">\n\t\t\t\t<div class=\"elementor-portfolio-item__img elementor-post__thumbnail\">\n\t\t\t<img decoding=\"async\" width=\"1448\" height=\"1428\" src=\"https:\/\/salcininkaikultura.lt\/wp-content\/uploads\/2025\/12\/472672644_908203004631763_3224821330460959677_n.jpg\" class=\"attachment-full size-full wp-image-24014\" alt=\"\" srcset=\"https:\/\/salcininkaikultura.lt\/wp-content\/uploads\/2025\/12\/472672644_908203004631763_3224821330460959677_n.jpg 1448w, https:\/\/salcininkaikultura.lt\/wp-content\/uploads\/2025\/12\/472672644_908203004631763_3224821330460959677_n-300x296.jpg 300w, https:\/\/salcininkaikultura.lt\/wp-content\/uploads\/2025\/12\/472672644_908203004631763_3224821330460959677_n-1024x1010.jpg 1024w, https:\/\/salcininkaikultura.lt\/wp-content\/uploads\/2025\/12\/472672644_908203004631763_3224821330460959677_n-768x757.jpg 768w\" sizes=\"(max-width: 1448px) 100vw, 1448px\" \/>\t\t<\/div>\n\t\t\t\t<div class=\"elementor-portfolio-item__overlay\">\n\t\t\t\t<h3 class=\"elementor-portfolio-item__title\">\n\t\tProjekt \u201eWsparcie dzia\u0142alno\u015bci Zespo\u0142u Pie\u015bni i Ta\u0144ca Solczanie\u201d\t\t<\/h3>\n\t\t\t\t<\/div>\n\t\t\t\t<\/a>\n\t\t<\/article>\n\t\t\t\t<article class=\"elementor-portfolio-item elementor-post  post-24006 post type-post status-publish format-standard has-post-thumbnail hentry category-naujienos-pl category-dvaro-naujienos entry has-media\" role=\"listitem\">\n\t\t\t<a class=\"elementor-post__thumbnail__link\" href=\"https:\/\/salcininkaikultura.lt\/pl\/2025\/12\/24\/wesolych-swiat\/\">\n\t\t\t\t<div class=\"elementor-portfolio-item__img elementor-post__thumbnail\">\n\t\t\t<img loading=\"lazy\" decoding=\"async\" width=\"1200\" height=\"1200\" src=\"https:\/\/salcininkaikultura.lt\/wp-content\/uploads\/2025\/12\/Zyczenia-CKS-2025.jpg\" class=\"attachment-full size-full wp-image-24004\" alt=\"\" srcset=\"https:\/\/salcininkaikultura.lt\/wp-content\/uploads\/2025\/12\/Zyczenia-CKS-2025.jpg 1200w, https:\/\/salcininkaikultura.lt\/wp-content\/uploads\/2025\/12\/Zyczenia-CKS-2025-300x300.jpg 300w, https:\/\/salcininkaikultura.lt\/wp-content\/uploads\/2025\/12\/Zyczenia-CKS-2025-1024x1024.jpg 1024w, https:\/\/salcininkaikultura.lt\/wp-content\/uploads\/2025\/12\/Zyczenia-CKS-2025-150x150.jpg 150w, https:\/\/salcininkaikultura.lt\/wp-content\/uploads\/2025\/12\/Zyczenia-CKS-2025-768x768.jpg 768w, https:\/\/salcininkaikultura.lt\/wp-content\/uploads\/2025\/12\/Zyczenia-CKS-2025-600x600.jpg 600w\" sizes=\"(max-width: 1200px) 100vw, 1200px\" \/>\t\t<\/div>\n\t\t\t\t<div class=\"elementor-portfolio-item__overlay\">\n\t\t\t\t<h3 class=\"elementor-portfolio-item__title\">\n\t\tWeso\u0142ych \u015awi\u0105t!\t\t<\/h3>\n\t\t\t\t<\/div>\n\t\t\t\t<\/a>\n\t\t<\/article>\n\t\t\t\t<article class=\"elementor-portfolio-item elementor-post  post-23743 post type-post status-publish format-standard has-post-thumbnail hentry category-naujienos-pl entry has-media\" role=\"listitem\">\n\t\t\t<a class=\"elementor-post__thumbnail__link\" href=\"https:\/\/salcininkaikultura.lt\/pl\/2025\/11\/11\/recital-joanny-trzepiecinskiej-jak-wybrnac-z-gafy\/\">\n\t\t\t\t<div class=\"elementor-portfolio-item__img elementor-post__thumbnail\">\n\t\t\t<img loading=\"lazy\" decoding=\"async\" width=\"1000\" height=\"1320\" src=\"https:\/\/salcininkaikultura.lt\/wp-content\/uploads\/2025\/11\/MG_5106.jpg\" class=\"attachment-full size-full wp-image-23746\" alt=\"\" srcset=\"https:\/\/salcininkaikultura.lt\/wp-content\/uploads\/2025\/11\/MG_5106.jpg 1000w, https:\/\/salcininkaikultura.lt\/wp-content\/uploads\/2025\/11\/MG_5106-227x300.jpg 227w, https:\/\/salcininkaikultura.lt\/wp-content\/uploads\/2025\/11\/MG_5106-776x1024.jpg 776w, https:\/\/salcininkaikultura.lt\/wp-content\/uploads\/2025\/11\/MG_5106-768x1014.jpg 768w\" sizes=\"(max-width: 1000px) 100vw, 1000px\" \/>\t\t<\/div>\n\t\t\t\t<div class=\"elementor-portfolio-item__overlay\">\n\t\t\t\t<h3 class=\"elementor-portfolio-item__title\">\n\t\tRecital Joanny Trzepieci\u0144skiej \u201eJak wybrn\u0105\u0107 z gafy\u201d\t\t<\/h3>\n\t\t\t\t<\/div>\n\t\t\t\t<\/a>\n\t\t<\/article>\n\t\t\t\t<article class=\"elementor-portfolio-item elementor-post  post-23546 post type-post status-publish format-standard has-post-thumbnail hentry category-naujienos-pl entry has-media\" role=\"listitem\">\n\t\t\t<a class=\"elementor-post__thumbnail__link\" href=\"https:\/\/salcininkaikultura.lt\/pl\/2025\/09\/15\/dozynki-w-solecznikach-wdzieczni-za-plony-szczesliwi-we-wspolnocie\/\">\n\t\t\t\t<div class=\"elementor-portfolio-item__img elementor-post__thumbnail\">\n\t\t\t<img loading=\"lazy\" decoding=\"async\" width=\"1000\" height=\"667\" src=\"https:\/\/salcininkaikultura.lt\/wp-content\/uploads\/2025\/10\/Dozynki-w-Solecznikach-2025.jpg\" class=\"attachment-full size-full wp-image-23547\" alt=\"\" srcset=\"https:\/\/salcininkaikultura.lt\/wp-content\/uploads\/2025\/10\/Dozynki-w-Solecznikach-2025.jpg 1000w, https:\/\/salcininkaikultura.lt\/wp-content\/uploads\/2025\/10\/Dozynki-w-Solecznikach-2025-300x200.jpg 300w, https:\/\/salcininkaikultura.lt\/wp-content\/uploads\/2025\/10\/Dozynki-w-Solecznikach-2025-768x512.jpg 768w\" sizes=\"(max-width: 1000px) 100vw, 1000px\" \/>\t\t<\/div>\n\t\t\t\t<div class=\"elementor-portfolio-item__overlay\">\n\t\t\t\t<h3 class=\"elementor-portfolio-item__title\">\n\t\tDo\u017cynki w Solecznikach: wdzi\u0119czni za plony, szcz\u0119\u015bliwi we wsp\u00f3lnocie\t\t<\/h3>\n\t\t\t\t<\/div>\n\t\t\t\t<\/a>\n\t\t<\/article>\n\t\t\t\t<\/div>\n\t\t\t\t\t\t<\/div>\n\t\t\t\t<\/div>\n\t\t\t\t\t<\/div>\n\t\t<\/div>\n\t\t\t\t\t<\/div>\n\t\t<\/section>\n\t\t\t\t<section class=\"elementor-section elementor-top-section elementor-element elementor-element-0c274ba elementor-section-boxed elementor-section-height-default elementor-section-height-default\" data-id=\"0c274ba\" data-element_type=\"section\">\n\t\t\t\t\t\t<div class=\"elementor-container elementor-column-gap-default\">\n\t\t\t\t\t<div class=\"elementor-column elementor-col-100 elementor-top-column elementor-element elementor-element-6791acc\" data-id=\"6791acc\" data-element_type=\"column\">\n\t\t\t<div class=\"elementor-widget-wrap\">\n\t\t\t\t\t\t\t<\/div>\n\t\t<\/div>\n\t\t\t\t\t<\/div>\n\t\t<\/section>\n\t\t\t\t<\/div>\n\t\t","protected":false},"excerpt":{"rendered":"<p>Aktualno\u015bci<\/p>\n","protected":false},"author":1,"featured_media":0,"parent":0,"menu_order":0,"comment_status":"closed","ping_status":"closed","template":"elementor_header_footer","meta":{"ocean_post_layout":"","ocean_both_sidebars_style":"","ocean_both_sidebars_content_width":0,"ocean_both_sidebars_sidebars_width":0,"ocean_sidebar":"0","ocean_second_sidebar":"0","ocean_disable_margins":"enable","ocean_add_body_class":"","ocean_shortcode_before_top_bar":"","ocean_shortcode_after_top_bar":"","ocean_shortcode_before_header":"","ocean_shortcode_after_header":"","ocean_has_shortcode":"","ocean_shortcode_after_title":"","ocean_shortcode_before_footer_widgets":"","ocean_shortcode_after_footer_widgets":"","ocean_shortcode_before_footer_bottom":"","ocean_shortcode_after_footer_bottom":"","ocean_display_top_bar":"default","ocean_display_header":"default","ocean_header_style":"","ocean_center_header_left_menu":"0","ocean_custom_header_template":"0","ocean_custom_logo":0,"ocean_custom_retina_logo":0,"ocean_custom_logo_max_width":0,"ocean_custom_logo_tablet_max_width":0,"ocean_custom_logo_mobile_max_width":0,"ocean_custom_logo_max_height":0,"ocean_custom_logo_tablet_max_height":0,"ocean_custom_logo_mobile_max_height":0,"ocean_header_custom_menu":"0","ocean_menu_typo_font_family":"0","ocean_menu_typo_font_subset":"","ocean_menu_typo_font_size":0,"ocean_menu_typo_font_size_tablet":0,"ocean_menu_typo_font_size_mobile":0,"ocean_menu_typo_font_size_unit":"px","ocean_menu_typo_font_weight":"","ocean_menu_typo_font_weight_tablet":"","ocean_menu_typo_font_weight_mobile":"","ocean_menu_typo_transform":"","ocean_menu_typo_transform_tablet":"","ocean_menu_typo_transform_mobile":"","ocean_menu_typo_line_height":0,"ocean_menu_typo_line_height_tablet":0,"ocean_menu_typo_line_height_mobile":0,"ocean_menu_typo_line_height_unit":"","ocean_menu_typo_spacing":0,"ocean_menu_typo_spacing_tablet":0,"ocean_menu_typo_spacing_mobile":0,"ocean_menu_typo_spacing_unit":"","ocean_menu_link_color":"","ocean_menu_link_color_hover":"","ocean_menu_link_color_active":"","ocean_menu_link_background":"","ocean_menu_link_hover_background":"","ocean_menu_link_active_background":"","ocean_menu_social_links_bg":"","ocean_menu_social_hover_links_bg":"","ocean_menu_social_links_color":"","ocean_menu_social_hover_links_color":"","ocean_disable_title":"default","ocean_disable_heading":"default","ocean_post_title":"","ocean_post_subheading":"","ocean_post_title_style":"","ocean_post_title_background_color":"","ocean_post_title_background":0,"ocean_post_title_bg_image_position":"","ocean_post_title_bg_image_attachment":"","ocean_post_title_bg_image_repeat":"","ocean_post_title_bg_image_size":"","ocean_post_title_height":0,"ocean_post_title_bg_overlay":0.5,"ocean_post_title_bg_overlay_color":"","ocean_disable_breadcrumbs":"default","ocean_breadcrumbs_color":"","ocean_breadcrumbs_separator_color":"","ocean_breadcrumbs_links_color":"","ocean_breadcrumbs_links_hover_color":"","ocean_display_footer_widgets":"default","ocean_display_footer_bottom":"default","ocean_custom_footer_template":"0","footnotes":""},"class_list":["post-865","page","type-page","status-publish","hentry","entry","has-media"],"_links":{"self":[{"href":"https:\/\/salcininkaikultura.lt\/pl\/wp-json\/wp\/v2\/pages\/865","targetHints":{"allow":["GET"]}}],"collection":[{"href":"https:\/\/salcininkaikultura.lt\/pl\/wp-json\/wp\/v2\/pages"}],"about":[{"href":"https:\/\/salcininkaikultura.lt\/pl\/wp-json\/wp\/v2\/types\/page"}],"author":[{"embeddable":true,"href":"https:\/\/salcininkaikultura.lt\/pl\/wp-json\/wp\/v2\/users\/1"}],"replies":[{"embeddable":true,"href":"https:\/\/salcininkaikultura.lt\/pl\/wp-json\/wp\/v2\/comments?post=865"}],"version-history":[{"count":14,"href":"https:\/\/salcininkaikultura.lt\/pl\/wp-json\/wp\/v2\/pages\/865\/revisions"}],"predecessor-version":[{"id":6265,"href":"https:\/\/salcininkaikultura.lt\/pl\/wp-json\/wp\/v2\/pages\/865\/revisions\/6265"}],"wp:attachment":[{"href":"https:\/\/salcininkaikultura.lt\/pl\/wp-json\/wp\/v2\/media?parent=865"}],"curies":[{"name":"wp","href":"https:\/\/api.w.org\/{rel}","templated":true}]}}